{"id":2253,"date":"2025-06-26T08:24:08","date_gmt":"2025-06-26T06:24:08","guid":{"rendered":"https:\/\/2025.monforts.de\/?page_id=2253"},"modified":"2026-02-26T18:10:48","modified_gmt":"2026-02-26T17:10:48","slug":"application-units","status":"publish","type":"page","link":"https:\/\/www.monforts.de\/en\/products\/additional-units\/application-units\/","title":{"rendered":"Application units"},"content":{"rendered":"<div id=\"pl-gb2253-69f37af105275\"  class=\"panel-layout\" ><div id=\"pg-gb2253-69f37af105275-0\"  class=\"panel-grid panel-has-style panel-has-overlay\" ><div class=\"hero siteorigin-panels-stretch panel-row-style panel-row-style-for-gb2253-69f37af105275-0\" data-stretch-type=\"full-width-stretch\" >\t\t\t\t<div\n\t\t\t\t\tclass=\"panel-background-overlay\"\n\t\t\t\t\t\t\t\t\t\t\tstyle=\"background-color:#21272b;background-image:url(https:\/\/www.monforts.de\/wp-content\/uploads\/2025\/09\/header-montex6500-van-clewe18.webp);background-position:center center;background-size:cover;opacity:0.80;\"\n\t\t\t\t\t\t\t\t\t>\n\t\t\t\t\t\t\t\t\t<\/div>\n\t\t\t\t<div id=\"pgc-gb2253-69f37af105275-0-0\"  class=\"panel-grid-cell\" ><div id=\"panel-gb2253-69f37af105275-0-0-0\" class=\"so-panel widget widget_sow-headline panel-first-child\" data-index=\"0\" ><div class=\"h1small panel-widget-style panel-widget-style-for-gb2253-69f37af105275-0-0-0\" ><div\n\t\t\t\n\t\t\tclass=\"so-widget-sow-headline so-widget-sow-headline-default-3c25c374223c-2253\"\n\t\t\t\n\t\t><div class=\"sow-headline-container \">\n\t\t\t\t\t\t\t<h1 class=\"sow-sub-headline\">\n\t\t\t\t\t\tApplication units\t\t\t\t\t\t<\/h1>\n\t\t\t\t\t\t\t\t\t\t\t\t<p class=\"sow-headline\">\n\t\t\t\t\t\tTailor-made solutions<br \/><span class=\"green\">from a single source<\/span>\t\t\t\t\t\t<\/p>\n\t\t\t\t\t\t<\/div>\n<\/div><\/div><\/div><div id=\"panel-gb2253-69f37af105275-0-0-1\" class=\"so-panel widget widget_sow-button panel-last-child\" data-index=\"1\" ><div class=\"button2 panel-widget-style panel-widget-style-for-gb2253-69f37af105275-0-0-1\" ><div\n\t\t\t\n\t\t\tclass=\"so-widget-sow-button so-widget-sow-button-flat-8d4fe6ef4a48-2253\"\n\t\t\t\n\t\t><div class=\"ow-button-base ow-button-align-center\"\n>\n\t\t\t<a\n\t\t\t\t\thref=\"#intro\"\n\t\t\t\t\tclass=\"sowb-button ow-icon-placement-left ow-button-hover\" \t>\n\t\t<span>\n\t\t\t\n\t\t\tTo the products\t\t<\/span>\n\t\t\t<\/a>\n\t<\/div>\n<\/div><\/div><\/div><\/div><\/div><\/div><div id=\"pg-gb2253-69f37af105275-1\"  class=\"panel-grid panel-no-style\" ><div id=\"pgc-gb2253-69f37af105275-1-0\"  class=\"panel-grid-cell\" ><div id=\"panel-gb2253-69f37af105275-1-0-0\" class=\"so-panel widget widget_bcn_widget widget_breadcrumb_navxt panel-first-child panel-last-child\" data-index=\"2\"><div class=\"breadcrumbs\" vocab=\"https:\/\/schema.org\/\" typeof=\"BreadcrumbList\"><span property=\"itemListElement\" typeof=\"ListItem\"><a property=\"item\" typeof=\"WebPage\" title=\"Gehe zu A. Monforts Textilmaschinen GmbH &amp; Co. KG.\" href=\"https:\/\/www.monforts.de\/en\/\" class=\"home\" aria-current=\"page\"><span property=\"name\">Home<\/span><\/a><meta property=\"position\" content=\"1\"><\/span><\/div><\/div><\/div><\/div><div id=\"pg-gb2253-69f37af105275-2\"  class=\"panel-grid panel-has-style\" ><div id=\"intro\" class=\"panel-row-style panel-row-style-for-gb2253-69f37af105275-2\" ><div id=\"pgc-gb2253-69f37af105275-2-0\"  class=\"panel-grid-cell\" ><div id=\"panel-gb2253-69f37af105275-2-0-0\" class=\"so-panel widget widget_sow-headline panel-first-child\" data-index=\"3\" ><div\n\t\t\t\n\t\t\tclass=\"so-widget-sow-headline so-widget-sow-headline-default-fde890f458f8-2253\"\n\t\t\t\n\t\t><div class=\"sow-headline-container \">\n\t\t\t\t\t\t\t<p class=\"sow-sub-headline\">\n\t\t\t\t\t\tTailor-made solutions\t\t\t\t\t\t<\/p>\n\t\t\t\t\t\t\t\t\t\t\t\t<h2 class=\"sow-headline\">\n\t\t\t\t\t\tApplication units\t\t\t\t\t\t<\/h2>\n\t\t\t\t\t\t<\/div>\n<\/div><\/div><div id=\"panel-gb2253-69f37af105275-2-0-1\" class=\"so-panel widget widget_sow-button panel-last-child\" data-index=\"4\" ><div class=\"button1 panel-widget-style panel-widget-style-for-gb2253-69f37af105275-2-0-1\" ><div\n\t\t\t\n\t\t\tclass=\"so-widget-sow-button so-widget-sow-button-flat-b4204ab79488-2253\"\n\t\t\t\n\t\t><div class=\"ow-button-base ow-button-align-left\"\n>\n\t\t\t<a\n\t\t\t\t\thref=\"#matex\"\n\t\t\t\t\tclass=\"sowb-button ow-icon-placement-left ow-button-hover\" \t>\n\t\t<span>\n\t\t\t\n\t\t\tFind out more\t\t<\/span>\n\t\t\t<\/a>\n\t<\/div>\n<\/div><\/div><\/div><\/div><div id=\"pgc-gb2253-69f37af105275-2-1\"  class=\"panel-grid-cell\" ><div class=\"panel-cell-style panel-cell-style-for-gb2253-69f37af105275-2-1\" ><div id=\"panel-gb2253-69f37af105275-2-1-0\" class=\"so-panel widget widget_sow-editor panel-first-child\" data-index=\"5\" ><div class=\"panel-widget-style panel-widget-style-for-gb2253-69f37af105275-2-1-0\" ><div\n\t\t\t\n\t\t\tclass=\"so-widget-sow-editor so-widget-sow-editor-base\"\n\t\t\t\n\t\t>\n<div class=\"siteorigin-widget-tinymce textwidget\">\n\t<p>Monforts offers tailor-made solutions from a single source: Whether for liquor application on the Matex finishing padder, minimum quantity application on the EcoApplicator or the flexible VarioMATEX padder. With us you will find the optimum cost-effective solution for your application.<\/p>\n<\/div>\n<\/div><\/div><\/div><div id=\"panel-gb2253-69f37af105275-2-1-1\" class=\"so-panel widget widget_sow-button panel-last-child\" data-index=\"6\" ><div class=\"button1 panel-widget-style panel-widget-style-for-gb2253-69f37af105275-2-1-1\" ><div\n\t\t\t\n\t\t\tclass=\"so-widget-sow-button so-widget-sow-button-flat-b4204ab79488-2253\"\n\t\t\t\n\t\t><div class=\"ow-button-base ow-button-align-left\"\n>\n\t\t\t<a\n\t\t\t\t\thref=\"https:\/\/www.monforts.de\/en\/brochures\/?anfrage=mt#form\"\n\t\t\t\t\tclass=\"sowb-button ow-icon-placement-left ow-button-hover\" \t>\n\t\t<span>\n\t\t\t\n\t\t\tOrder the brochure\t\t<\/span>\n\t\t\t<\/a>\n\t<\/div>\n<\/div><\/div><\/div><\/div><\/div><\/div><\/div><\/div>\n\n<div id=\"pl-gb2253-69f37af106d8d\"  class=\"panel-layout\" ><div id=\"pg-gb2253-69f37af106d8d-0\"  class=\"panel-grid panel-has-style\" ><div class=\"panel-row-style panel-row-style-for-gb2253-69f37af106d8d-0\" ><div id=\"pgc-gb2253-69f37af106d8d-0-0\"  class=\"panel-grid-cell\" ><div id=\"panel-gb2253-69f37af106d8d-0-0-0\" class=\"so-panel widget widget_text panel-first-child panel-last-child\" data-index=\"0\" >\t\t\t<div class=\"textwidget\"><div id=\"pl-4367\"  class=\"panel-layout\" ><div id=\"pg-4367-0\"  class=\"panel-grid panel-no-style\" ><div id=\"pgc-4367-0-0\"  class=\"panel-grid-cell\" ><div id=\"panel-4367-0-0-0\" class=\"so-panel widget widget_sow-button panel-first-child panel-last-child\" data-index=\"0\" ><div class=\"produktbutton panel-widget-style panel-widget-style-for-4367-0-0-0\" ><div\n\t\t\t\n\t\t\tclass=\"so-widget-sow-button so-widget-sow-button-flat-6616cc69da4e-\"\n\t\t\t\n\t\t><div class=\"ow-button-base ow-button-align-left\"\n>\n\t\t\t<a\n\t\t\t\t\thref=\"https:\/\/www.monforts.de\/en\/products\/\"\n\t\t\t\t\tclass=\"sowb-button ow-icon-placement-left\" \t>\n\t\t<span>\n\t\t\t\t\t\t\t<div class=\"sow-icon-image\" style=\"background-image: url(https:\/\/www.monforts.de\/wp-content\/uploads\/2025\/06\/arrow-r-23209a.svg)\"><\/div>\n\t\t\t\t\n\t\t\tTo the product overview\t\t<\/span>\n\t\t\t<\/a>\n\t<\/div>\n<\/div><\/div><\/div><\/div><\/div><\/div>\n<\/div>\n\t\t<\/div><\/div><\/div><\/div><\/div>\n\n<div id=\"pl-gb2253-69f37af1080c2\"  class=\"panel-layout\" ><div id=\"pg-gb2253-69f37af1080c2-0\"  class=\"panel-grid panel-has-style\" ><div id=\"matex\" class=\"panel-row-style panel-row-style-for-gb2253-69f37af1080c2-0\" ><div id=\"pgc-gb2253-69f37af1080c2-0-0\"  class=\"panel-grid-cell\" ><div id=\"panel-gb2253-69f37af1080c2-0-0-0\" class=\"so-panel widget widget_sow-image panel-first-child panel-last-child\" data-index=\"0\" ><div\n\t\t\t\n\t\t\tclass=\"so-widget-sow-image so-widget-sow-image-default-8b5b6f678277-2253\"\n\t\t\t\n\t\t>\n<div class=\"sow-image-container\">\n\t\t<img \n\tsrc=\"https:\/\/www.monforts.de\/wp-content\/uploads\/2025\/09\/matex-2012.webp\" width=\"1300\" height=\"1065\" srcset=\"https:\/\/www.monforts.de\/wp-content\/uploads\/2025\/09\/matex-2012.webp 1300w, https:\/\/www.monforts.de\/wp-content\/uploads\/2025\/09\/matex-2012-300x246.webp 300w, https:\/\/www.monforts.de\/wp-content\/uploads\/2025\/09\/matex-2012-768x629.webp 768w, https:\/\/www.monforts.de\/wp-content\/uploads\/2025\/09\/matex-2012-1024x839.webp 1024w\" sizes=\"(max-width: 1300px) 100vw, 1300px\" title=\"Matex_2012\" alt=\"Modell des Appreturfoulard MATEX\" \t\tclass=\"so-widget-image\"\/>\n\t<\/div>\n\n<\/div><\/div><\/div><div id=\"pgc-gb2253-69f37af1080c2-0-1\"  class=\"panel-grid-cell\" ><div class=\"panel-cell-style panel-cell-style-for-gb2253-69f37af1080c2-0-1\" ><div id=\"panel-gb2253-69f37af1080c2-0-1-0\" class=\"so-panel widget widget_sow-editor panel-first-child panel-last-child\" data-index=\"1\" ><div\n\t\t\t\n\t\t\tclass=\"so-widget-sow-editor so-widget-sow-editor-base\"\n\t\t\t\n\t\t>\n<div class=\"siteorigin-widget-tinymce textwidget\">\n\t<p style=\"margin-bottom: 10px;\">Application units \u2013 as durable as they are reliable<\/p>\n<h2>MATEX <span class=\"green\">finishing padder<\/span><\/h2>\n<p>The proven classic solution in textile finishing: with the MATEX finishing padder, the liquor is absorbed evenly and in a controlled manner across the entire width of the textile substrates \u2013 for consistent application results and high process reliability.<br \/>\n&nbsp;<\/p>\n<\/div>\n<\/div><\/div><\/div><\/div><\/div><\/div><div id=\"pg-gb2253-69f37af1080c2-1\"  class=\"panel-grid panel-has-style\" ><div id=\"variomatex\" class=\"panel-row-style panel-row-style-for-gb2253-69f37af1080c2-1\" ><div id=\"pgc-gb2253-69f37af1080c2-1-0\"  class=\"panel-grid-cell\" ><div id=\"panel-gb2253-69f37af1080c2-1-0-0\" class=\"so-panel widget widget_sow-editor panel-first-child panel-last-child\" data-index=\"2\" ><div\n\t\t\t\n\t\t\tclass=\"so-widget-sow-editor so-widget-sow-editor-base\"\n\t\t\t\n\t\t>\n<div class=\"siteorigin-widget-tinymce textwidget\">\n\t<p style=\"margin-bottom: 10px;\">Application units \u2013 greater flexibility<\/p>\n<h2>VarioMATEX <span class=\"green\">finishing padder<\/span><\/h2>\n<p>The flexible alternative to the standard padder: VarioMATEX allows variable batch changes without having to replace the squeeze rollers. The result: optimum preparation and uniform squeezing for an energy-saving drying process for natural and synthetic fibres.<\/p>\n<\/div>\n<\/div><\/div><\/div><div id=\"pgc-gb2253-69f37af1080c2-1-1\"  class=\"panel-grid-cell\" ><div class=\"panel-cell-style panel-cell-style-for-gb2253-69f37af1080c2-1-1\" ><div id=\"panel-gb2253-69f37af1080c2-1-1-0\" class=\"so-panel widget widget_sow-image panel-first-child panel-last-child\" data-index=\"3\" ><div\n\t\t\t\n\t\t\tclass=\"so-widget-sow-image so-widget-sow-image-default-8b5b6f678277-2253\"\n\t\t\t\n\t\t>\n<div class=\"sow-image-container\">\n\t\t<img \n\tsrc=\"https:\/\/www.monforts.de\/wp-content\/uploads\/2025\/06\/technology-vario-matex-113-768x783.jpg\" width=\"768\" height=\"783\" srcset=\"https:\/\/www.monforts.de\/wp-content\/uploads\/2025\/06\/technology-vario-matex-113-768x783.jpg 768w, https:\/\/www.monforts.de\/wp-content\/uploads\/2025\/06\/technology-vario-matex-113-294x300.jpg 294w, https:\/\/www.monforts.de\/wp-content\/uploads\/2025\/06\/technology-vario-matex-113-1004x1024.jpg 1004w, https:\/\/www.monforts.de\/wp-content\/uploads\/2025\/06\/technology-vario-matex-113.jpg 1116w\" sizes=\"(max-width: 768px) 100vw, 768px\" title=\"Technology_Vario Matex.113\" alt=\"Modell des Produkts Appreturfoulard VarioMATEX. die Au\u00dfenw\u00e4nde sind blau. Es sind 3 Walzen schr\u00e4g \u00fcbereinander angebracht.\" \t\tclass=\"so-widget-image\"\/>\n\t<\/div>\n\n<\/div><\/div><\/div><\/div><\/div><\/div><div id=\"pg-gb2253-69f37af1080c2-2\"  class=\"panel-grid panel-has-style\" ><div id=\"ecoapplicator\" class=\"panel-row-style panel-row-style-for-gb2253-69f37af1080c2-2\" ><div id=\"pgc-gb2253-69f37af1080c2-2-0\"  class=\"panel-grid-cell\" ><div class=\"panel-cell-style panel-cell-style-for-gb2253-69f37af1080c2-2-0\" ><div id=\"panel-gb2253-69f37af1080c2-2-0-0\" class=\"so-panel widget widget_sow-image panel-first-child panel-last-child\" data-index=\"4\" ><div\n\t\t\t\n\t\t\tclass=\"so-widget-sow-image so-widget-sow-image-default-8b5b6f678277-2253\"\n\t\t\t\n\t\t>\n<div class=\"sow-image-container\">\n\t\t<img \n\tsrc=\"https:\/\/www.monforts.de\/wp-content\/uploads\/2025\/09\/eco-applicator-01-1.webp\" width=\"1236\" height=\"1080\" srcset=\"https:\/\/www.monforts.de\/wp-content\/uploads\/2025\/09\/eco-applicator-01-1.webp 1236w, https:\/\/www.monforts.de\/wp-content\/uploads\/2025\/09\/eco-applicator-01-1-300x262.webp 300w, https:\/\/www.monforts.de\/wp-content\/uploads\/2025\/09\/eco-applicator-01-1-768x671.webp 768w, https:\/\/www.monforts.de\/wp-content\/uploads\/2025\/09\/eco-applicator-01-1-1024x895.webp 1024w\" sizes=\"(max-width: 1236px) 100vw, 1236px\" title=\"ECO_Applicator_01\" alt=\"Es ist eine hohe Maschine mit mehreren Walzen zu sehen. Zwischen diesen befindet sich roter Stoff.\" \t\tclass=\"so-widget-image\"\/>\n\t<\/div>\n\n<\/div><\/div><\/div><\/div><div id=\"pgc-gb2253-69f37af1080c2-2-1\"  class=\"panel-grid-cell\" ><div id=\"panel-gb2253-69f37af1080c2-2-1-0\" class=\"so-panel widget widget_sow-editor panel-first-child\" data-index=\"5\" ><div\n\t\t\t\n\t\t\tclass=\"so-widget-sow-editor so-widget-sow-editor-base\"\n\t\t\t\n\t\t>\n<div class=\"siteorigin-widget-tinymce textwidget\">\n\t<p style=\"margin-bottom: 10px;\">Minimum application with<\/p>\n<h2><span class=\"green\">MATEX<\/span> EcoApplicator<\/h2>\n<p>The MATEX EcoApplicator is a minimum liquor application unit with driven liquor rollers \u2013 the alternative to classic padding. The lower moisture absorption of the fabric enables more economical drying.<\/p>\n<p>Smaller liquor volumes reduce the residual liquor quantities. Efficient, flexible, resource-saving. The MATEX EcoApplicator can be used universally for single-sided, double-sided or differentiated liquor application on the front and back of the fabric.<\/p>\n<h4>Examples of areas of application:<\/h4>\n<ul>\n<li>Over-dyeing of denim fabrics<\/li>\n<li>Finishing of denim fabrics<\/li>\n<li>Hydrophobic\/hydrophilic finishing of workwear<\/li>\n<\/ul>\n<\/div>\n<\/div><\/div><div id=\"panel-gb2253-69f37af1080c2-2-1-1\" class=\"so-panel widget widget_siteorigin-panels-builder panel-last-child\" data-index=\"6\" ><div id=\"pl-w6985c7709b183\"  class=\"panel-layout\" ><div id=\"pg-w6985c7709b183-0\"  class=\"panel-grid panel-no-style\" ><div id=\"pgc-w6985c7709b183-0-0\"  class=\"panel-grid-cell\" ><div class=\"panel-cell-style panel-cell-style-for-w6985c7709b183-0-0\" ><div id=\"panel-w6985c7709b183-0-0-0\" class=\"so-panel widget widget_sow-button panel-first-child\" data-index=\"0\" ><div class=\"button1 externbutton panel-widget-style panel-widget-style-for-w6985c7709b183-0-0-0\" ><div\n\t\t\t\n\t\t\tclass=\"so-widget-sow-button so-widget-sow-button-flat-b4204ab79488\"\n\t\t\t\n\t\t><div class=\"ow-button-base ow-button-align-left\"\n>\n\t\t\t<a\n\t\t\t\t\thref=\"https:\/\/youtu.be\/RRbmv1K5rL8\"\n\t\t\t\t\tclass=\"sowb-button ow-icon-placement-right ow-button-hover\" target=\"_blank\" rel=\"noopener noreferrer\" \t>\n\t\t<span>\n\t\t\t\t\t\t\t<div class=\"sow-icon-image\" style=\"background-image: url(https:\/\/www.monforts.de\/wp-content\/uploads\/2025\/07\/icon-link-7c494d.svg)\"><\/div>\n\t\t\t\t\n\t\t\tYoutube video\t\t<\/span>\n\t\t\t<\/a>\n\t<\/div>\n<\/div><\/div><\/div><div id=\"panel-w6985c7709b183-0-0-1\" class=\"so-panel widget widget_sow-button panel-last-child\" data-index=\"1\" ><div class=\"button1 panel-widget-style panel-widget-style-for-w6985c7709b183-0-0-1\" ><div\n\t\t\t\n\t\t\tclass=\"so-widget-sow-button so-widget-sow-button-flat-b4204ab79488\"\n\t\t\t\n\t\t><div class=\"ow-button-base ow-button-align-left\"\n>\n\t\t\t<a\n\t\t\t\t\thref=\"https:\/\/www.monforts.de\/en\/support\/enquiry-modernisation-modification\/?anfrage=ea#form\"\n\t\t\t\t\tclass=\"sowb-button ow-icon-placement-left ow-button-hover\" \t>\n\t\t<span>\n\t\t\t\n\t\t\tModernisation enquiry\t\t<\/span>\n\t\t\t<\/a>\n\t<\/div>\n<\/div><\/div><\/div><\/div><\/div><\/div><\/div><\/div><\/div><\/div><\/div><\/div>\n\n<div id=\"pl-gb2253-69f37af10b891\"  class=\"panel-layout\" ><div id=\"pg-gb2253-69f37af10b891-0\"  class=\"panel-grid panel-has-style\" ><div class=\"panel-row-style panel-row-style-for-gb2253-69f37af10b891-0\" ><div id=\"pgc-gb2253-69f37af10b891-0-0\"  class=\"panel-grid-cell\" ><div id=\"panel-gb2253-69f37af10b891-0-0-0\" class=\"so-panel widget widget_text panel-first-child panel-last-child\" data-index=\"0\" >\t\t\t<div class=\"textwidget\"><div id=\"pl-4367\"  class=\"panel-layout\" ><div id=\"pg-4367-0\"  class=\"panel-grid panel-no-style\" ><div id=\"pgc-4367-0-0\"  class=\"panel-grid-cell\" ><div id=\"panel-4367-0-0-0\" class=\"so-panel widget widget_sow-button panel-first-child panel-last-child\" data-index=\"0\" ><div class=\"produktbutton panel-widget-style panel-widget-style-for-4367-0-0-0\" ><div\n\t\t\t\n\t\t\tclass=\"so-widget-sow-button so-widget-sow-button-flat-6616cc69da4e-\"\n\t\t\t\n\t\t><div class=\"ow-button-base ow-button-align-left\"\n>\n\t\t\t<a\n\t\t\t\t\thref=\"https:\/\/www.monforts.de\/en\/products\/\"\n\t\t\t\t\tclass=\"sowb-button ow-icon-placement-left\" \t>\n\t\t<span>\n\t\t\t\t\t\t\t<div class=\"sow-icon-image\" style=\"background-image: url(https:\/\/www.monforts.de\/wp-content\/uploads\/2025\/06\/arrow-r-23209a.svg)\"><\/div>\n\t\t\t\t\n\t\t\tTo the product overview\t\t<\/span>\n\t\t\t<\/a>\n\t<\/div>\n<\/div><\/div><\/div><\/div><\/div><\/div>\n<\/div>\n\t\t<\/div><\/div><\/div><\/div><\/div>\n\n\n<p><\/p>\n","protected":false},"excerpt":{"rendered":"<p>Monforts offers tailor-made solutions from a single source: Whether for liquor application on the Matex finishing padder, minimum quantity application on the EcoApplicator or the flexible VarioMATEX padder. With us you will find the optimum cost-effective solution for your application.<\/p>\n","protected":false},"author":1,"featured_media":0,"parent":2249,"menu_order":0,"comment_status":"closed","ping_status":"closed","template":"","meta":{"inline_featured_image":false,"_themeisle_gutenberg_block_has_review":false,"footnotes":""},"class_list":["post-2253","page","type-page","status-publish","hentry","post"],"_links":{"self":[{"href":"https:\/\/www.monforts.de\/en\/wp-json\/wp\/v2\/pages\/2253","targetHints":{"allow":["GET"]}}],"collection":[{"href":"https:\/\/www.monforts.de\/en\/wp-json\/wp\/v2\/pages"}],"about":[{"href":"https:\/\/www.monforts.de\/en\/wp-json\/wp\/v2\/types\/page"}],"author":[{"embeddable":true,"href":"https:\/\/www.monforts.de\/en\/wp-json\/wp\/v2\/users\/1"}],"replies":[{"embeddable":true,"href":"https:\/\/www.monforts.de\/en\/wp-json\/wp\/v2\/comments?post=2253"}],"version-history":[{"count":9,"href":"https:\/\/www.monforts.de\/en\/wp-json\/wp\/v2\/pages\/2253\/revisions"}],"predecessor-version":[{"id":4867,"href":"https:\/\/www.monforts.de\/en\/wp-json\/wp\/v2\/pages\/2253\/revisions\/4867"}],"up":[{"embeddable":true,"href":"https:\/\/www.monforts.de\/en\/wp-json\/wp\/v2\/pages\/2249"}],"wp:attachment":[{"href":"https:\/\/www.monforts.de\/en\/wp-json\/wp\/v2\/media?parent=2253"}],"curies":[{"name":"wp","href":"https:\/\/api.w.org\/{rel}","templated":true}]}}